{"id":268,"date":"2020-06-17T05:22:14","date_gmt":"2020-06-17T05:22:14","guid":{"rendered":"https:\/\/cass.actherm.pl\/?page_id=268"},"modified":"2026-04-29T13:11:08","modified_gmt":"2026-04-29T13:11:08","slug":"nasz-team","status":"publish","type":"page","link":"https:\/\/cass.berlin\/de\/nasz-team","title":{"rendered":"Unser Team"},"content":{"rendered":"<div data-elementor-type=\"wp-page\" data-elementor-id=\"268\" class=\"elementor elementor-268\" data-elementor-settings=\"{&quot;ha_cmc_init_switcher&quot;:&quot;no&quot;}\" data-elementor-post-type=\"page\">\n\t\t\t\t\t\t<section class=\"elementor-section elementor-top-section elementor-element elementor-element-725984e elementor-section-height-min-height elementor-section-boxed elementor-section-height-default elementor-section-items-middle\" data-id=\"725984e\" data-element_type=\"section\" data-e-type=\"section\" data-settings=\"{&quot;background_background&quot;:&quot;classic&quot;,&quot;_ha_eqh_enable&quot;:false}\">\n\t\t\t\t\t\t\t<div class=\"elementor-background-overlay\"><\/div>\n\t\t\t\t\t\t\t<div class=\"elementor-container elementor-column-gap-default\">\n\t\t\t\t\t<div class=\"elementor-column elementor-col-100 elementor-top-column elementor-element elementor-element-f49ff06\" data-id=\"f49ff06\" data-element_type=\"column\" data-e-type=\"column\">\n\t\t\t<div class=\"elementor-widget-wrap elementor-element-populated\">\n\t\t\t\t\t\t<div class=\"elementor-element elementor-element-b81a6e7 elementor-invisible elementor-widget elementor-widget-heading\" data-id=\"b81a6e7\" data-element_type=\"widget\" data-e-type=\"widget\" data-settings=\"{&quot;_animation&quot;:&quot;fadeInLeft&quot;}\" data-widget_type=\"heading.default\">\n\t\t\t\t<div class=\"elementor-widget-container\">\n\t\t\t\t\t<h2 class=\"elementor-heading-title elementor-size-default\">Buchhaltungs- und B\u00fcroservice CASS GmbH<\/h2>\t\t\t\t<\/div>\n\t\t\t\t<\/div>\n\t\t\t\t<div class=\"elementor-element elementor-element-824d9b9 elementor-invisible elementor-widget elementor-widget-heading\" data-id=\"824d9b9\" data-element_type=\"widget\" data-e-type=\"widget\" data-settings=\"{&quot;_animation&quot;:&quot;fadeIn&quot;}\" data-widget_type=\"heading.default\">\n\t\t\t\t<div class=\"elementor-widget-container\">\n\t\t\t\t\t<h2 class=\"elementor-heading-title elementor-size-default\">Berlin<\/h2>\t\t\t\t<\/div>\n\t\t\t\t<\/div>\n\t\t\t\t<div class=\"elementor-element elementor-element-b8f1db0 elementor-widget-divider--view-line elementor-invisible elementor-widget elementor-widget-divider\" data-id=\"b8f1db0\" data-element_type=\"widget\" data-e-type=\"widget\" data-settings=\"{&quot;_animation&quot;:&quot;fadeIn&quot;}\" data-widget_type=\"divider.default\">\n\t\t\t\t<div class=\"elementor-widget-container\">\n\t\t\t\t\t\t\t<div class=\"elementor-divider\">\n\t\t\t<span class=\"elementor-divider-separator\">\n\t\t\t\t\t\t<\/span>\n\t\t<\/div>\n\t\t\t\t\t\t<\/div>\n\t\t\t\t<\/div>\n\t\t\t\t<div class=\"elementor-element elementor-element-64928cb elementor-invisible elementor-widget elementor-widget-heading\" data-id=\"64928cb\" data-element_type=\"widget\" data-e-type=\"widget\" data-settings=\"{&quot;_animation&quot;:&quot;fadeInRight&quot;,&quot;_animation_mobile&quot;:&quot;fadeInUp&quot;}\" data-widget_type=\"heading.default\">\n\t\t\t\t<div class=\"elementor-widget-container\">\n\t\t\t\t\t<h2 class=\"elementor-heading-title elementor-size-default\">Unser Team<\/h2>\t\t\t\t<\/div>\n\t\t\t\t<\/div>\n\t\t\t\t<div class=\"elementor-element elementor-element-b70faed elementor-view-default elementor-invisible elementor-widget elementor-widget-icon\" data-id=\"b70faed\" data-element_type=\"widget\" data-e-type=\"widget\" data-settings=\"{&quot;_animation&quot;:&quot;fadeInDown&quot;}\" data-widget_type=\"icon.default\">\n\t\t\t\t<div class=\"elementor-widget-container\">\n\t\t\t\t\t\t\t<div class=\"elementor-icon-wrapper\">\n\t\t\t<div class=\"elementor-icon elementor-animation-pulse\">\n\t\t\t<i aria-hidden=\"true\" class=\"fas fa-arrow-down\"><\/i>\t\t\t<\/div>\n\t\t<\/div>\n\t\t\t\t\t\t<\/div>\n\t\t\t\t<\/div>\n\t\t\t\t\t<\/div>\n\t\t<\/div>\n\t\t\t\t\t<\/div>\n\t\t<\/section>\n\t\t\t\t<section class=\"elementor-section elementor-top-section elementor-element elementor-element-67921102 elementor-section-boxed elementor-section-height-default elementor-section-height-default\" data-id=\"67921102\" data-element_type=\"section\" data-e-type=\"section\" data-settings=\"{&quot;background_background&quot;:&quot;classic&quot;,&quot;_ha_eqh_enable&quot;:false}\">\n\t\t\t\t\t\t<div class=\"elementor-container elementor-column-gap-default\">\n\t\t\t\t\t<div class=\"elementor-column elementor-col-100 elementor-top-column elementor-element elementor-element-5a15b46a\" data-id=\"5a15b46a\" data-element_type=\"column\" data-e-type=\"column\">\n\t\t\t<div class=\"elementor-widget-wrap elementor-element-populated\">\n\t\t\t\t\t\t<div class=\"elementor-element elementor-element-24e7581b elementor-invisible elementor-widget elementor-widget-heading\" data-id=\"24e7581b\" data-element_type=\"widget\" data-e-type=\"widget\" data-settings=\"{&quot;_animation&quot;:&quot;fadeInRight&quot;,&quot;_animation_mobile&quot;:&quot;fadeInUp&quot;}\" data-widget_type=\"heading.default\">\n\t\t\t\t<div class=\"elementor-widget-container\">\n\t\t\t\t\t<h2 class=\"elementor-heading-title elementor-size-default\">Unser Team<\/h2>\t\t\t\t<\/div>\n\t\t\t\t<\/div>\n\t\t\t\t<div class=\"elementor-element elementor-element-0d178c1 elementor-invisible elementor-widget elementor-widget-heading\" data-id=\"0d178c1\" data-element_type=\"widget\" data-e-type=\"widget\" data-settings=\"{&quot;_animation&quot;:&quot;fadeInRight&quot;,&quot;_animation_mobile&quot;:&quot;fadeInUp&quot;}\" data-widget_type=\"heading.default\">\n\t\t\t\t<div class=\"elementor-widget-container\">\n\t\t\t\t\t<p class=\"elementor-heading-title elementor-size-small\">Unser Team besteht aus professionellen und erfahrenen Mitarbeitern, f\u00fcr die Sie an erster Stelle stehen. Dank unserer Erfahrung m\u00f6chten wir optimale Bedingungen f\u00fcr Ihre weitere Entwicklung schaffen und unsere Unterst\u00fctzung in jeder Phase Ihres Gesch\u00e4fts anbieten.<\/p>\t\t\t\t<\/div>\n\t\t\t\t<\/div>\n\t\t\t\t<section class=\"elementor-section elementor-inner-section elementor-element elementor-element-d58b8ec elementor-section-boxed elementor-section-height-default elementor-section-height-default\" data-id=\"d58b8ec\" data-element_type=\"section\" data-e-type=\"section\" data-settings=\"{&quot;_ha_eqh_enable&quot;:false}\">\n\t\t\t\t\t\t<div class=\"elementor-container elementor-column-gap-default\">\n\t\t\t\t\t<div class=\"elementor-column elementor-col-50 elementor-inner-column elementor-element elementor-element-00c3614\" data-id=\"00c3614\" data-element_type=\"column\" data-e-type=\"column\">\n\t\t\t<div class=\"elementor-widget-wrap elementor-element-populated\">\n\t\t\t\t\t\t<div class=\"elementor-element elementor-element-4b9e162 elementor-position-top elementor-invisible elementor-widget elementor-widget-image-box\" data-id=\"4b9e162\" data-element_type=\"widget\" data-e-type=\"widget\" data-settings=\"{&quot;_animation&quot;:&quot;fadeInUp&quot;}\" data-widget_type=\"image-box.default\">\n\t\t\t\t<div class=\"elementor-widget-container\">\n\t\t\t\t\t<div class=\"elementor-image-box-wrapper\"><figure class=\"elementor-image-box-img\"><img fetchpriority=\"high\" decoding=\"async\" width=\"400\" height=\"400\" src=\"https:\/\/cass.berlin\/wp-content\/uploads\/2020\/06\/cass_team4-1.jpeg\" class=\"elementor-animation-pulse-grow attachment-full size-full wp-image-279\" alt=\"\" srcset=\"https:\/\/cass.berlin\/wp-content\/uploads\/2020\/06\/cass_team4-1.jpeg 400w, https:\/\/cass.berlin\/wp-content\/uploads\/2020\/06\/cass_team4-1-300x300.jpeg 300w, https:\/\/cass.berlin\/wp-content\/uploads\/2020\/06\/cass_team4-1-150x150.jpeg 150w\" sizes=\"(max-width: 400px) 100vw, 400px\" \/><\/figure><div class=\"elementor-image-box-content\"><h3 class=\"elementor-image-box-title\">Joanna Magdalena Furma\u0144ska - Gesch\u00e4ftsf\u00fchrerin<\/h3><p class=\"elementor-image-box-description\">j.furmanska@cass.berlin<br>Tel. 0152 339 200 71<\/p><\/div><\/div>\t\t\t\t<\/div>\n\t\t\t\t<\/div>\n\t\t\t\t\t<\/div>\n\t\t<\/div>\n\t\t\t\t<div class=\"elementor-column elementor-col-50 elementor-inner-column elementor-element elementor-element-3e982fd\" data-id=\"3e982fd\" data-element_type=\"column\" data-e-type=\"column\">\n\t\t\t<div class=\"elementor-widget-wrap elementor-element-populated\">\n\t\t\t\t\t\t<div class=\"elementor-element elementor-element-8908fbb elementor-position-top elementor-invisible elementor-widget elementor-widget-image-box\" data-id=\"8908fbb\" data-element_type=\"widget\" data-e-type=\"widget\" data-settings=\"{&quot;_animation&quot;:&quot;fadeInUp&quot;}\" data-widget_type=\"image-box.default\">\n\t\t\t\t<div class=\"elementor-widget-container\">\n\t\t\t\t\t<div class=\"elementor-image-box-wrapper\"><figure class=\"elementor-image-box-img\"><img decoding=\"async\" width=\"800\" height=\"800\" src=\"https:\/\/cass.berlin\/wp-content\/uploads\/2023\/07\/photo060723.jpg\" class=\"elementor-animation-pulse-grow attachment-full size-full wp-image-724\" alt=\"\" srcset=\"https:\/\/cass.berlin\/wp-content\/uploads\/2023\/07\/photo060723.jpg 800w, https:\/\/cass.berlin\/wp-content\/uploads\/2023\/07\/photo060723-300x300.jpg 300w, https:\/\/cass.berlin\/wp-content\/uploads\/2023\/07\/photo060723-150x150.jpg 150w, https:\/\/cass.berlin\/wp-content\/uploads\/2023\/07\/photo060723-768x768.jpg 768w, https:\/\/cass.berlin\/wp-content\/uploads\/2023\/07\/photo060723-12x12.jpg 12w, https:\/\/cass.berlin\/wp-content\/uploads\/2023\/07\/photo060723-600x600.jpg 600w\" sizes=\"(max-width: 800px) 100vw, 800px\" \/><\/figure><div class=\"elementor-image-box-content\"><h3 class=\"elementor-image-box-title\">Joanna Stefanska - Buchhalterin<\/h3><p class=\"elementor-image-box-description\"> j.stefanska@cass.berlin<br>Tel. +49 176 407 04 514<\/p><\/div><\/div>\t\t\t\t<\/div>\n\t\t\t\t<\/div>\n\t\t\t\t\t<\/div>\n\t\t<\/div>\n\t\t\t\t\t<\/div>\n\t\t<\/section>\n\t\t\t\t<section class=\"elementor-section elementor-inner-section elementor-element elementor-element-0f62c58 elementor-section-boxed elementor-section-height-default elementor-section-height-default\" data-id=\"0f62c58\" data-element_type=\"section\" data-e-type=\"section\" data-settings=\"{&quot;_ha_eqh_enable&quot;:false}\">\n\t\t\t\t\t\t<div class=\"elementor-container elementor-column-gap-default\">\n\t\t\t\t\t<div class=\"elementor-column elementor-col-50 elementor-inner-column elementor-element elementor-element-2a7acaa\" data-id=\"2a7acaa\" data-element_type=\"column\" data-e-type=\"column\">\n\t\t\t<div class=\"elementor-widget-wrap elementor-element-populated\">\n\t\t\t\t\t\t<div class=\"elementor-element elementor-element-3b48f08 elementor-position-top elementor-invisible elementor-widget elementor-widget-image-box\" data-id=\"3b48f08\" data-element_type=\"widget\" data-e-type=\"widget\" data-settings=\"{&quot;_animation&quot;:&quot;fadeInUp&quot;}\" data-widget_type=\"image-box.default\">\n\t\t\t\t<div class=\"elementor-widget-container\">\n\t\t\t\t\t<div class=\"elementor-image-box-wrapper\"><figure class=\"elementor-image-box-img\"><img decoding=\"async\" width=\"959\" height=\"960\" src=\"https:\/\/cass.berlin\/wp-content\/uploads\/2023\/06\/Cass-Belin-Katarzyna-Hochfeldt.jpeg\" class=\"elementor-animation-pulse-grow attachment-full size-full wp-image-711\" alt=\"\" srcset=\"https:\/\/cass.berlin\/wp-content\/uploads\/2023\/06\/Cass-Belin-Katarzyna-Hochfeldt.jpeg 959w, https:\/\/cass.berlin\/wp-content\/uploads\/2023\/06\/Cass-Belin-Katarzyna-Hochfeldt-300x300.jpeg 300w, https:\/\/cass.berlin\/wp-content\/uploads\/2023\/06\/Cass-Belin-Katarzyna-Hochfeldt-150x150.jpeg 150w, https:\/\/cass.berlin\/wp-content\/uploads\/2023\/06\/Cass-Belin-Katarzyna-Hochfeldt-768x769.jpeg 768w, https:\/\/cass.berlin\/wp-content\/uploads\/2023\/06\/Cass-Belin-Katarzyna-Hochfeldt-12x12.jpeg 12w, https:\/\/cass.berlin\/wp-content\/uploads\/2023\/06\/Cass-Belin-Katarzyna-Hochfeldt-600x600.jpeg 600w\" sizes=\"(max-width: 959px) 100vw, 959px\" \/><\/figure><div class=\"elementor-image-box-content\"><h3 class=\"elementor-image-box-title\">Katarzyna Hochfeldt - B\u00fcrokauffrau<\/h3><p class=\"elementor-image-box-description\">k.hochfeldt@cass.berlin<br>Tel. 017 640 773378<\/p><\/div><\/div>\t\t\t\t<\/div>\n\t\t\t\t<\/div>\n\t\t\t\t\t<\/div>\n\t\t<\/div>\n\t\t\t\t<div class=\"elementor-column elementor-col-50 elementor-inner-column elementor-element elementor-element-2a751e0\" data-id=\"2a751e0\" data-element_type=\"column\" data-e-type=\"column\">\n\t\t\t<div class=\"elementor-widget-wrap elementor-element-populated\">\n\t\t\t\t\t\t<div class=\"elementor-element elementor-element-503ae6e elementor-position-top elementor-invisible elementor-widget elementor-widget-image-box\" data-id=\"503ae6e\" data-element_type=\"widget\" data-e-type=\"widget\" data-settings=\"{&quot;_animation&quot;:&quot;fadeInUp&quot;}\" data-widget_type=\"image-box.default\">\n\t\t\t\t<div class=\"elementor-widget-container\">\n\t\t\t\t\t<div class=\"elementor-image-box-wrapper\"><figure class=\"elementor-image-box-img\"><img loading=\"lazy\" decoding=\"async\" width=\"312\" height=\"312\" src=\"https:\/\/cass.berlin\/wp-content\/uploads\/2023\/07\/photo_050723-4.jpg\" class=\"elementor-animation-pulse-grow attachment-full size-full wp-image-720\" alt=\"\" srcset=\"https:\/\/cass.berlin\/wp-content\/uploads\/2023\/07\/photo_050723-4.jpg 312w, https:\/\/cass.berlin\/wp-content\/uploads\/2023\/07\/photo_050723-4-300x300.jpg 300w, https:\/\/cass.berlin\/wp-content\/uploads\/2023\/07\/photo_050723-4-150x150.jpg 150w, https:\/\/cass.berlin\/wp-content\/uploads\/2023\/07\/photo_050723-4-12x12.jpg 12w\" sizes=\"(max-width: 312px) 100vw, 312px\" \/><\/figure><div class=\"elementor-image-box-content\"><h3 class=\"elementor-image-box-title\">Agnes Olbrich - B\u00fcrokraft<\/h3><p class=\"elementor-image-box-description\">info@cass.berlin<br>Tel. 030 343 959 07<\/p><\/div><\/div>\t\t\t\t<\/div>\n\t\t\t\t<\/div>\n\t\t\t\t\t<\/div>\n\t\t<\/div>\n\t\t\t\t\t<\/div>\n\t\t<\/section>\n\t\t\t\t<section class=\"elementor-section elementor-inner-section elementor-element elementor-element-68ff28a elementor-hidden-desktop elementor-hidden-tablet elementor-hidden-mobile elementor-section-boxed elementor-section-height-default elementor-section-height-default\" data-id=\"68ff28a\" data-element_type=\"section\" data-e-type=\"section\" data-settings=\"{&quot;_ha_eqh_enable&quot;:false}\">\n\t\t\t\t\t\t<div class=\"elementor-container elementor-column-gap-default\">\n\t\t\t\t\t<div class=\"elementor-column elementor-col-50 elementor-inner-column elementor-element elementor-element-ffa24f6\" data-id=\"ffa24f6\" data-element_type=\"column\" data-e-type=\"column\">\n\t\t\t<div class=\"elementor-widget-wrap elementor-element-populated\">\n\t\t\t\t\t\t<div class=\"elementor-element elementor-element-4ec1b98 elementor-position-top elementor-invisible elementor-widget elementor-widget-image-box\" data-id=\"4ec1b98\" data-element_type=\"widget\" data-e-type=\"widget\" data-settings=\"{&quot;_animation&quot;:&quot;fadeInUp&quot;}\" data-widget_type=\"image-box.default\">\n\t\t\t\t<div class=\"elementor-widget-container\">\n\t\t\t\t\t<div class=\"elementor-image-box-wrapper\"><figure class=\"elementor-image-box-img\"><img loading=\"lazy\" decoding=\"async\" width=\"681\" height=\"680\" src=\"https:\/\/cass.berlin\/wp-content\/uploads\/2023\/07\/photo_050723-1.jpg\" class=\"elementor-animation-pulse-grow attachment-full size-full wp-image-716\" alt=\"\" srcset=\"https:\/\/cass.berlin\/wp-content\/uploads\/2023\/07\/photo_050723-1.jpg 681w, https:\/\/cass.berlin\/wp-content\/uploads\/2023\/07\/photo_050723-1-300x300.jpg 300w, https:\/\/cass.berlin\/wp-content\/uploads\/2023\/07\/photo_050723-1-150x150.jpg 150w, https:\/\/cass.berlin\/wp-content\/uploads\/2023\/07\/photo_050723-1-12x12.jpg 12w, https:\/\/cass.berlin\/wp-content\/uploads\/2023\/07\/photo_050723-1-600x600.jpg 600w\" sizes=\"(max-width: 681px) 100vw, 681px\" \/><\/figure><div class=\"elementor-image-box-content\"><h3 class=\"elementor-image-box-title\">Justyna Kostrzewska-Janzen - Steuerfachangestellte<\/h3><p class=\"elementor-image-box-description\">j.kostrzewska-janzen@cass.berlin<br>Tel. +49 152 296 598 15<\/p><\/div><\/div>\t\t\t\t<\/div>\n\t\t\t\t<\/div>\n\t\t\t\t\t<\/div>\n\t\t<\/div>\n\t\t\t\t<div class=\"elementor-column elementor-col-50 elementor-inner-column elementor-element elementor-element-3fa1221\" data-id=\"3fa1221\" data-element_type=\"column\" data-e-type=\"column\">\n\t\t\t<div class=\"elementor-widget-wrap\">\n\t\t\t\t\t\t\t<\/div>\n\t\t<\/div>\n\t\t\t\t\t<\/div>\n\t\t<\/section>\n\t\t\t\t\t<\/div>\n\t\t<\/div>\n\t\t\t\t\t<\/div>\n\t\t<\/section>\n\t\t\t\t<section class=\"elementor-section elementor-top-section elementor-element elementor-element-424f1e56 elementor-section-boxed elementor-section-height-default elementor-section-height-default\" data-id=\"424f1e56\" data-element_type=\"section\" data-e-type=\"section\" data-settings=\"{&quot;background_background&quot;:&quot;classic&quot;,&quot;_ha_eqh_enable&quot;:false}\">\n\t\t\t\t\t\t\t<div class=\"elementor-background-overlay\"><\/div>\n\t\t\t\t\t\t\t<div class=\"elementor-container elementor-column-gap-default\">\n\t\t\t\t\t<div class=\"elementor-column elementor-col-100 elementor-top-column elementor-element elementor-element-efd47cd\" data-id=\"efd47cd\" data-element_type=\"column\" data-e-type=\"column\">\n\t\t\t<div class=\"elementor-widget-wrap elementor-element-populated\">\n\t\t\t\t\t\t<div class=\"elementor-element elementor-element-40619a7f elementor-invisible elementor-widget elementor-widget-heading\" data-id=\"40619a7f\" data-element_type=\"widget\" data-e-type=\"widget\" data-settings=\"{&quot;_animation&quot;:&quot;fadeInLeft&quot;}\" data-widget_type=\"heading.default\">\n\t\t\t\t<div class=\"elementor-widget-container\">\n\t\t\t\t\t<h3 class=\"elementor-heading-title elementor-size-default\">WIR SIND F\u00dcR SIE DA<\/h3>\t\t\t\t<\/div>\n\t\t\t\t<\/div>\n\t\t\t\t<div class=\"elementor-element elementor-element-2f1a4ad elementor-invisible elementor-widget elementor-widget-heading\" data-id=\"2f1a4ad\" data-element_type=\"widget\" data-e-type=\"widget\" data-settings=\"{&quot;_animation&quot;:&quot;fadeInRight&quot;,&quot;_animation_mobile&quot;:&quot;fadeInUp&quot;}\" data-widget_type=\"heading.default\">\n\t\t\t\t<div class=\"elementor-widget-container\">\n\t\t\t\t\t<h2 class=\"elementor-heading-title elementor-size-default\">Besuchen Sie uns in unserem B\u00fcro in Berlin<\/h2>\t\t\t\t<\/div>\n\t\t\t\t<\/div>\n\t\t\t\t<div class=\"elementor-element elementor-element-e82ede9 elementor-align-center elementor-invisible elementor-widget elementor-widget-button\" data-id=\"e82ede9\" data-element_type=\"widget\" data-e-type=\"widget\" data-settings=\"{&quot;_animation&quot;:&quot;fadeInUp&quot;}\" data-widget_type=\"button.default\">\n\t\t\t\t<div class=\"elementor-widget-container\">\n\t\t\t\t\t\t\t\t\t<div class=\"elementor-button-wrapper\">\n\t\t\t\t\t<a class=\"elementor-button elementor-button-link elementor-size-sm elementor-animation-float\" href=\"https:\/\/cass.actherm.pl\/kontakt\">\n\t\t\t\t\t\t<span class=\"elementor-button-content-wrapper\">\n\t\t\t\t\t\t\t\t\t<span class=\"elementor-button-text\">KONTAKT<\/span>\n\t\t\t\t\t<\/span>\n\t\t\t\t\t<\/a>\n\t\t\t\t<\/div>\n\t\t\t\t\t\t\t\t<\/div>\n\t\t\t\t<\/div>\n\t\t\t\t\t<\/div>\n\t\t<\/div>\n\t\t\t\t\t<\/div>\n\t\t<\/section>\n\t\t\t\t<\/div>","protected":false},"excerpt":{"rendered":"<p>Buchhaltungs- und B\u00fcroservice CASS GmbH Berlin Nasz Team Nasz Team Nasz zesp\u00f3\u0142 jest z\u0142o\u017cony z profesjonalnych i do\u015bwiadczonych pracownik\u00f3w, dla kt\u00f3rych to Ty stoisz na pierwszym miejscu. Dzi\u0119ki naszemu do\u015bwiadczeniu chcieliby\u015bmy stworzy\u0107 dla Pa\u0144stwa optymalne warunki dalszego rozwoju, oferuj\u0105c nasze wsparcie na ka\u017cdym etapie Pa\u0144stwa dzia\u0142alno\u015bci. Joanna Magdalena Furma\u0144ska &#8211; Gesch\u00e4ftsf\u00fchrerin j.furmanska@cass.berlinTel. 0152 339 200 [&hellip;]<\/p>\n","protected":false},"author":6,"featured_media":0,"parent":0,"menu_order":0,"comment_status":"closed","ping_status":"closed","template":"elementor_header_footer","meta":{"ocean_post_layout":"","ocean_both_sidebars_style":"","ocean_both_sidebars_content_width":0,"ocean_both_sidebars_sidebars_width":0,"ocean_sidebar":"","ocean_second_sidebar":"","ocean_disable_margins":"enable","ocean_add_body_class":"","ocean_shortcode_before_top_bar":"","ocean_shortcode_after_top_bar":"","ocean_shortcode_before_header":"","ocean_shortcode_after_header":"","ocean_has_shortcode":"","ocean_shortcode_after_title":"","ocean_shortcode_before_footer_widgets":"","ocean_shortcode_after_footer_widgets":"","ocean_shortcode_before_footer_bottom":"","ocean_shortcode_after_footer_bottom":"","ocean_display_top_bar":"default","ocean_display_header":"default","ocean_header_style":"","ocean_center_header_left_menu":"","ocean_custom_header_template":"","ocean_custom_logo":0,"ocean_custom_retina_logo":0,"ocean_custom_logo_max_width":0,"ocean_custom_logo_tablet_max_width":0,"ocean_custom_logo_mobile_max_width":0,"ocean_custom_logo_max_height":0,"ocean_custom_logo_tablet_max_height":0,"ocean_custom_logo_mobile_max_height":0,"ocean_header_custom_menu":"","ocean_menu_typo_font_family":"","ocean_menu_typo_font_subset":"","ocean_menu_typo_font_size":0,"ocean_menu_typo_font_size_tablet":0,"ocean_menu_typo_font_size_mobile":0,"ocean_menu_typo_font_size_unit":"px","ocean_menu_typo_font_weight":"","ocean_menu_typo_font_weight_tablet":"","ocean_menu_typo_font_weight_mobile":"","ocean_menu_typo_transform":"","ocean_menu_typo_transform_tablet":"","ocean_menu_typo_transform_mobile":"","ocean_menu_typo_line_height":0,"ocean_menu_typo_line_height_tablet":0,"ocean_menu_typo_line_height_mobile":0,"ocean_menu_typo_line_height_unit":"","ocean_menu_typo_spacing":0,"ocean_menu_typo_spacing_tablet":0,"ocean_menu_typo_spacing_mobile":0,"ocean_menu_typo_spacing_unit":"","ocean_menu_link_color":"","ocean_menu_link_color_hover":"","ocean_menu_link_color_active":"","ocean_menu_link_background":"","ocean_menu_link_hover_background":"","ocean_menu_link_active_background":"","ocean_menu_social_links_bg":"","ocean_menu_social_hover_links_bg":"","ocean_menu_social_links_color":"","ocean_menu_social_hover_links_color":"","ocean_disable_title":"default","ocean_disable_heading":"default","ocean_post_title":"","ocean_post_subheading":"","ocean_post_title_style":"","ocean_post_title_background_color":"","ocean_post_title_background":0,"ocean_post_title_bg_image_position":"","ocean_post_title_bg_image_attachment":"","ocean_post_title_bg_image_repeat":"","ocean_post_title_bg_image_size":"","ocean_post_title_height":0,"ocean_post_title_bg_overlay":0.5,"ocean_post_title_bg_overlay_color":"","ocean_disable_breadcrumbs":"default","ocean_breadcrumbs_color":"","ocean_breadcrumbs_separator_color":"","ocean_breadcrumbs_links_color":"","ocean_breadcrumbs_links_hover_color":"","ocean_display_footer_widgets":"default","ocean_display_footer_bottom":"default","ocean_custom_footer_template":"","footnotes":""},"class_list":["post-268","page","type-page","status-publish","hentry","entry"],"_links":{"self":[{"href":"https:\/\/cass.berlin\/de\/wp-json\/wp\/v2\/pages\/268","targetHints":{"allow":["GET"]}}],"collection":[{"href":"https:\/\/cass.berlin\/de\/wp-json\/wp\/v2\/pages"}],"about":[{"href":"https:\/\/cass.berlin\/de\/wp-json\/wp\/v2\/types\/page"}],"author":[{"embeddable":true,"href":"https:\/\/cass.berlin\/de\/wp-json\/wp\/v2\/users\/6"}],"replies":[{"embeddable":true,"href":"https:\/\/cass.berlin\/de\/wp-json\/wp\/v2\/comments?post=268"}],"version-history":[{"count":100,"href":"https:\/\/cass.berlin\/de\/wp-json\/wp\/v2\/pages\/268\/revisions"}],"predecessor-version":[{"id":1006,"href":"https:\/\/cass.berlin\/de\/wp-json\/wp\/v2\/pages\/268\/revisions\/1006"}],"wp:attachment":[{"href":"https:\/\/cass.berlin\/de\/wp-json\/wp\/v2\/media?parent=268"}],"curies":[{"name":"wp","href":"https:\/\/api.w.org\/{rel}","templated":true}]}}